

{"id":4,"date":"2011-12-08T11:55:34","date_gmt":"2011-12-08T11:55:34","guid":{"rendered":"http:\/\/project.inria.fr\/template1\/?page_id=4"},"modified":"2016-09-02T13:02:32","modified_gmt":"2016-09-02T11:02:32","slug":"home","status":"publish","type":"page","link":"https:\/\/project.inria.fr\/wavis\/","title":{"rendered":"Analyses et repr\u00e9sentations visuelles pour de nouveaux modes de narration et d\u2019\u00e9criture"},"content":{"rendered":"<p><\/p>\n<p style=\"text-align: justify;\" align=\"justify\">Aujourd&#8217;hui, ce que l&#8217;on appelle \u00ab\u00a0les nouvelles \u00e9critures\u00a0\u00bb commencent \u00e0 innerver l&#8217;ensemble du domaine audiovisuel, qu&#8217;il s&#8217;agisse de concevoir des narrations adapt\u00e9es \u00e0 la r\u00e9alit\u00e9 virtuelle ou de mettre en place les arcs de r\u00e9cits transm\u00e9diaux. Il semble alors n\u00e9cessaire de cr\u00e9er de nouveaux outils au service des auteurs, non seulement pour examiner pr\u00e9cis\u00e9ment les structures narratives (en extrayant et analysant des informations issues d&#8217;un script par exemple) mais aussi, dans un monde mondialis\u00e9, pour am\u00e9liorer le travail collaboratif.<\/p>\n<p style=\"text-align: justify;\">C&#8217;est dans cette perspective que nous souhaitons cr\u00e9er un espace de r\u00e9flexion permettant aux professionnels du cin\u00e9ma et de l&#8217;analyse de donn\u00e9es d&#8217;\u00e9changer autour de ces nouveaux enjeux de l&#8217;\u00e9criture.<\/p>\n<p style=\"text-align: justify;\"><span style=\"font-weight: 400;\">Le cr\u00e9ateur, ou l\u2019\u00e9crivain, ne dispose pas de beaucoup d\u2019outils pour l\u2019aider dans sa t\u00e2che, et de nombreuses \u00e9tapes sont effectu\u00e9es manuellement. Ceci est encore plus difficile lorsque plusieurs personnes interviennent dans le processus de cr\u00e9ation et d\u2019\u00e9criture. De m\u00eame, de nouvelles fa\u00e7ons de cr\u00e9er et raconter des histoires apparaissent telles que la cr\u00e9ation d\u2019univers (<\/span><i><span style=\"font-weight: 400;\">\u02baWorld Building\u02ba<\/span><\/i><span style=\"font-weight: 400;\">) [1], mais aussi de nouvelles fa\u00e7ons de vivre et regarder ces histoires, plus immersives et interactives, au travers de la r\u00e9alit\u00e9 virtuelle [2]. Or les r\u00e9cents progr\u00e8s en termes d\u2019analyse textuelle, de traitement d\u2019image et du son, permettent d\u2019extraire de nombreuses informations, de v\u00e9rifier les coh\u00e9rences d\u2019espace et de temps, et de repr\u00e9senter ces informations sous une forme compacte, intelligible et utile pour le narrateur. A titre d\u2019exemple on peut citer les travaux de McKie [3] sur la structure narrative d\u2019un film, de Brodbeck [4] qui extrait des informations de structure, de couleur, de mouvement et fournit des repr\u00e9sentations tr\u00e8s color\u00e9es, ou encore les <\/span><i><span style=\"font-weight: 400;\">\u02balignes de temps\u02ba<\/span><\/i><span style=\"font-weight: 400;\"> propos\u00e9es par le centre Pompidou [5] pour analyser un film plan par plan du mouvement de cam\u00e9ra jusqu\u2019aux r\u00e9currences et sym\u00e9tries.<\/span><\/p>\n<p style=\"text-align: justify;\"><span style=\"font-weight: 400;\">Le but de ce workshop est d\u2019adresser cet aspect d\u2019analyse et de repr\u00e9sentation d\u2019une histoire \u00e0 partir des informations disponibles, telles que le script, les images et le son, lorsqu\u2019ils existent. En regroupant diff\u00e9rents profils (\u00e9tudiants et professeurs d\u2019\u00e9coles du cin\u00e9ma, professionnels de l\u2019\u00e9criture cin\u00e9matographique ou th\u00e9\u00e2trale, professionnels du cin\u00e9ma)<\/span> <span style=\"font-weight: 400;\">autour de pr\u00e9sentations des derni\u00e8res avanc\u00e9es dans le domaine et d\u2019ateliers, nous esp\u00e9rons que les communaut\u00e9s de l\u2019art cin\u00e9matographique, et celles de l\u2019analyse de donn\u00e9es \u00e9changent autour de la pertinence de ces nouveaux outils pour l\u2019\u00e9criture, mais aussi pour l\u2019enseignement, la collaboration ou tout simplement la compr\u00e9hension d\u2019une histoire.<\/span><\/p>\n<p style=\"text-align: justify;\">Le workshop se d\u00e9roulera sur une journ\u00e9e. La matin\u00e9e sera consacr\u00e9e \u00e0 des pr\u00e9sentations formelles de pratiques et de techniques d\u2019aide \u00e0 la cr\u00e9ation. L\u2019apr\u00e8s-midi se d\u00e9roulera autour d\u2019ateliers permettant aux participants de tester certains outils sur des courts et long m\u00e9trages.\u00a0Nous esp\u00e9rons d\u00e9montrer les b\u00e9n\u00e9fices potentiels de ces outils pour les professionnels, et ainsi r\u00e9colter leurs\/vos avis et souhaits quant \u00e0 leur contenu, leur forme et \u00e0 la fa\u00e7on de les utiliser dans un contexte de cr\u00e9ation.<\/p>\n<p style=\"text-align: justify;\"><span style=\"font-weight: 400;\">[1] World Building Media Lab \u00e0 l\u2019USC School of Cinematics Arts,<\/span><a href=\"http:\/\/worldbuilding.usc.edu\/\"> <span style=\"font-weight: 400;\">http:\/\/worldbuilding.usc.edu\/<\/span><\/a><span style=\"font-weight: 400;\">.<\/span><\/p>\n<p style=\"text-align: justify;\"><span style=\"font-weight: 400;\">[2] The Guardian, \u201cHow virtual reality will change the cinematic experience\u201c,<\/span><a href=\"http:\/\/www.theguardian.com\/culture-professionals-network\/2015\/jan\/30\/virtual-reality-cinema-experience-vr\"> <span style=\"font-weight: 400;\">http:\/\/www.theguardian.com\/<\/span><\/a><span style=\"font-weight: 400;\">.<\/span><\/p>\n<p style=\"text-align: justify;\"><span style=\"font-weight: 400;\">[3] S. McKie, \u201cThe structure of narrative: the case of film scripts\u201d,<\/span><a href=\"http:\/\/www.academia.edu\/2734641\/The_structure_of_narrative_the_case_of_film_scripts\"> <span style=\"font-weight: 400;\">http:\/\/www.academia.edu\/<\/span><\/a><span style=\"font-weight: 400;\">.<\/span><\/p>\n<p style=\"text-align: justify;\"><span style=\"font-weight: 400;\">[4] F. Brodbeck, \u201cCinemetrics\u201d,<\/span><a href=\"http:\/\/cinemetrics.fredericbrodbeck.de\/\"> <span style=\"font-weight: 400;\">http:\/\/cinemetrics.fredericbrodbeck.de\/<\/span><\/a><span style=\"font-weight: 400;\">.<\/span><\/p>\n<p style=\"text-align: justify;\"><span style=\"font-weight: 400;\">[5] \u201cLignes de temps\u201d,<\/span><a href=\"http:\/\/www.iri.centrepompidou.fr\/outils\/lignes-de-temps\/\"> <span style=\"font-weight: 400;\">http:\/\/www.iri.centrepompidou.fr\/outils\/lignes-de-temps\/<\/span><\/a><span style=\"font-weight: 400;\">.<\/span><\/p>\n<p>&nbsp;<\/p>","protected":false},"excerpt":{"rendered":"<p>Aujourd&#8217;hui, ce que l&#8217;on appelle \u00ab\u00a0les nouvelles \u00e9critures\u00a0\u00bb commencent \u00e0 innerver l&#8217;ensemble du domaine audiovisuel, qu&#8217;il s&#8217;agisse de concevoir des narrations adapt\u00e9es \u00e0 la r\u00e9alit\u00e9 virtuelle ou de mettre en place les arcs de r\u00e9cits transm\u00e9diaux. Il semble alors n\u00e9cessaire de cr\u00e9er de nouveaux outils au service des auteurs, non\u2026<\/p>\n<p> <a class=\"continue-reading-link\" href=\"https:\/\/project.inria.fr\/wavis\/\"><span>Continue reading<\/span><i class=\"crycon-right-dir\"><\/i><\/a> <\/p>\n","protected":false},"author":1,"featured_media":0,"parent":0,"menu_order":0,"comment_status":"closed","ping_status":"open","template":"","meta":{"footnotes":""},"class_list":["post-4","page","type-page","status-publish","hentry"],"_links":{"self":[{"href":"https:\/\/project.inria.fr\/wavis\/wp-json\/wp\/v2\/pages\/4","targetHints":{"allow":["GET"]}}],"collection":[{"href":"https:\/\/project.inria.fr\/wavis\/wp-json\/wp\/v2\/pages"}],"about":[{"href":"https:\/\/project.inria.fr\/wavis\/wp-json\/wp\/v2\/types\/page"}],"author":[{"embeddable":true,"href":"https:\/\/project.inria.fr\/wavis\/wp-json\/wp\/v2\/users\/1"}],"replies":[{"embeddable":true,"href":"https:\/\/project.inria.fr\/wavis\/wp-json\/wp\/v2\/comments?post=4"}],"version-history":[{"count":20,"href":"https:\/\/project.inria.fr\/wavis\/wp-json\/wp\/v2\/pages\/4\/revisions"}],"predecessor-version":[{"id":146,"href":"https:\/\/project.inria.fr\/wavis\/wp-json\/wp\/v2\/pages\/4\/revisions\/146"}],"wp:attachment":[{"href":"https:\/\/project.inria.fr\/wavis\/wp-json\/wp\/v2\/media?parent=4"}],"curies":[{"name":"wp","href":"https:\/\/api.w.org\/{rel}","templated":true}]}}