

{"id":81,"date":"2016-06-29T23:04:08","date_gmt":"2016-06-29T21:04:08","guid":{"rendered":"http:\/\/project.inria.fr\/wavis\/?page_id=81"},"modified":"2016-07-01T12:01:46","modified_gmt":"2016-07-01T10:01:46","slug":"francais-organization","status":"publish","type":"page","link":"https:\/\/project.inria.fr\/wavis\/francais-organization\/","title":{"rendered":"Organization"},"content":{"rendered":"<p><span style=\"font-weight: 400;\">Vincent Puig, Directeur Executif IRI, Centre Pompidou<\/span><\/p>\n<p><span style=\"font-weight: 400;\">Philippe Guillotel, Senior Researcher, Technicolor<\/span><\/p>\n<p>Marc \u00c9luard, Researcher, Technicolor<\/p>\n<p>Aur\u00e9lien Longet, UX Designer, Technicolor<\/p>\n<p><span style=\"font-weight: 400;\">Roselyne Qu\u00e9m\u00e9ner, Ma\u00eetre de Conf\u00e9rences associ\u00e9, Universit\u00e9 de Rennes 2<\/span><\/p>\n<p>Anne-Lise Desgranges, Filme-moi ta plume, Universit\u00e9 de Rennes 2<\/p>\n<p>Marc Christie, Ma\u00eetre de Conf\u00e9rences, Universit\u00e9 de Rennes 1<\/p>","protected":false},"excerpt":{"rendered":"<p>Vincent Puig, Directeur Executif IRI, Centre Pompidou Philippe Guillotel, Senior Researcher, Technicolor Marc \u00c9luard, Researcher, Technicolor Aur\u00e9lien Longet, UX Designer, Technicolor Roselyne Qu\u00e9m\u00e9ner, Ma\u00eetre de Conf\u00e9rences associ\u00e9, Universit\u00e9 de Rennes 2 Anne-Lise Desgranges, Filme-moi ta plume, Universit\u00e9 de Rennes 2 Marc Christie, Ma\u00eetre de Conf\u00e9rences, Universit\u00e9 de Rennes 1<\/p>\n<p> <a class=\"continue-reading-link\" href=\"https:\/\/project.inria.fr\/wavis\/francais-organization\/\"><span>Continue reading<\/span><i class=\"crycon-right-dir\"><\/i><\/a> <\/p>\n","protected":false},"author":607,"featured_media":0,"parent":0,"menu_order":0,"comment_status":"closed","ping_status":"closed","template":"","meta":{"footnotes":""},"class_list":["post-81","page","type-page","status-publish","hentry"],"_links":{"self":[{"href":"https:\/\/project.inria.fr\/wavis\/wp-json\/wp\/v2\/pages\/81","targetHints":{"allow":["GET"]}}],"collection":[{"href":"https:\/\/project.inria.fr\/wavis\/wp-json\/wp\/v2\/pages"}],"about":[{"href":"https:\/\/project.inria.fr\/wavis\/wp-json\/wp\/v2\/types\/page"}],"author":[{"embeddable":true,"href":"https:\/\/project.inria.fr\/wavis\/wp-json\/wp\/v2\/users\/607"}],"replies":[{"embeddable":true,"href":"https:\/\/project.inria.fr\/wavis\/wp-json\/wp\/v2\/comments?post=81"}],"version-history":[{"count":12,"href":"https:\/\/project.inria.fr\/wavis\/wp-json\/wp\/v2\/pages\/81\/revisions"}],"predecessor-version":[{"id":121,"href":"https:\/\/project.inria.fr\/wavis\/wp-json\/wp\/v2\/pages\/81\/revisions\/121"}],"wp:attachment":[{"href":"https:\/\/project.inria.fr\/wavis\/wp-json\/wp\/v2\/media?parent=81"}],"curies":[{"name":"wp","href":"https:\/\/api.w.org\/{rel}","templated":true}]}}