

{"id":76,"date":"2015-12-18T16:05:37","date_gmt":"2015-12-18T15:05:37","guid":{"rendered":"https:\/\/project.inria.fr\/wpte2016\/?page_id=76"},"modified":"2015-12-21T16:27:19","modified_gmt":"2015-12-21T15:27:19","slug":"organization","status":"publish","type":"page","link":"https:\/\/project.inria.fr\/wpte2016\/organization\/","title":{"rendered":"Organization"},"content":{"rendered":"<p><strong>Organizers<\/strong><\/p>\n<p>Horatiu Cirstea (LORIA, Universit\u00e9 de Lorraine, France)<\/p>\n<p>Santiago Escobar (Universitat Polit\u00e8cnica de Val\u00e8ncia, Spain)<\/p>\n<p>Naoki Nishida (Nagoya University, Japan)<\/p>\n<p>&nbsp;<\/p>\n<p>&nbsp;<\/p>\n<p><strong>Steering committee<\/strong><\/p>\n<p>Yuki Chiba (JAIST, Japan)<\/p>\n<p>Horatiu Cirstea (LORIA, Universit\u00e9 de Lorraine, France)<\/p>\n<p>Santiago Escobar (Universitat Polit\u00e8cnica de Val\u00e8ncia, Spain)<\/p>\n<p>Naoki Nishida (Nagoya University, Japan)<\/p>\n<p>David Sabel (Johann Wolfgang Goethe-Universit\u00e4t, Germany)<\/p>\n<p>Manfred Schmidt-Schau\u00df<\/p>\n<p>(Johann Wolfgang Goethe-Universit\u00e4t, Germany)<\/p>","protected":false},"excerpt":{"rendered":"<p>Organizers Horatiu Cirstea (LORIA, Universit\u00e9 de Lorraine, France) Santiago Escobar (Universitat Polit\u00e8cnica de Val\u00e8ncia, Spain) Naoki Nishida (Nagoya University, Japan) &nbsp; &nbsp; Steering committee Yuki Chiba (JAIST, Japan) Horatiu Cirstea (LORIA, Universit\u00e9 de Lorraine, France) Santiago Escobar (Universitat Polit\u00e8cnica de Val\u00e8ncia, Spain) Naoki Nishida (Nagoya University, Japan) David Sabel (Johann Wolfgang Goethe-Universit\u00e4t, Germany) Manfred Schmidt-Schau\u00df &hellip; <\/p>\n<p><a class=\"more-link btn\" href=\"https:\/\/project.inria.fr\/wpte2016\/organization\/\">Continue reading<\/a><\/p>\n","protected":false},"author":686,"featured_media":0,"parent":0,"menu_order":25,"comment_status":"closed","ping_status":"closed","template":"","meta":{"footnotes":""},"class_list":["post-76","page","type-page","status-publish","hentry","nodate","item-wrap"],"_links":{"self":[{"href":"https:\/\/project.inria.fr\/wpte2016\/wp-json\/wp\/v2\/pages\/76","targetHints":{"allow":["GET"]}}],"collection":[{"href":"https:\/\/project.inria.fr\/wpte2016\/wp-json\/wp\/v2\/pages"}],"about":[{"href":"https:\/\/project.inria.fr\/wpte2016\/wp-json\/wp\/v2\/types\/page"}],"author":[{"embeddable":true,"href":"https:\/\/project.inria.fr\/wpte2016\/wp-json\/wp\/v2\/users\/686"}],"replies":[{"embeddable":true,"href":"https:\/\/project.inria.fr\/wpte2016\/wp-json\/wp\/v2\/comments?post=76"}],"version-history":[{"count":3,"href":"https:\/\/project.inria.fr\/wpte2016\/wp-json\/wp\/v2\/pages\/76\/revisions"}],"predecessor-version":[{"id":80,"href":"https:\/\/project.inria.fr\/wpte2016\/wp-json\/wp\/v2\/pages\/76\/revisions\/80"}],"wp:attachment":[{"href":"https:\/\/project.inria.fr\/wpte2016\/wp-json\/wp\/v2\/media?parent=76"}],"curies":[{"name":"wp","href":"https:\/\/api.w.org\/{rel}","templated":true}]}}