

{"id":93,"date":"2015-12-21T16:56:53","date_gmt":"2015-12-21T15:56:53","guid":{"rendered":"https:\/\/project.inria.fr\/wpte2016\/?page_id=93"},"modified":"2016-02-12T14:50:34","modified_gmt":"2016-02-12T13:50:34","slug":"pc-2","status":"publish","type":"page","link":"https:\/\/project.inria.fr\/wpte2016\/pc-2\/","title":{"rendered":"PC"},"content":{"rendered":"<p>Takahito Aoto (Niigata University)<\/p>\n<p>Yuki Chiba (JAIST)<\/p>\n<p>Horatiu Cirstea (LORIA, Universit\u00e9 de Lorraine, France) &#8211; chair<\/p>\n<p>Fer-Jan de Vries (University of Leicester)<\/p>\n<p>Santiago Escobar (Universitat Polit\u00e8cnica de Val\u00e8ncia) &#8211; chair<\/p>\n<p>Maribel Fern\u00e1ndez (King&#8217;s College London)<\/p>\n<p>Johan Jeuring (Open Universiteit Nederland and Universiteit Utrecht)<\/p>\n<p>Delia Kesner (Universit\u00e9 Paris-Diderot)<\/p>\n<p>Sergue\u00ef Lenglet (Universit\u00e9 de Lorraine)<\/p>\n<p>Elena Machkasova (University of Minnesota, Morris)<\/p>\n<p>William Mansky (University of Pennsylvania)<\/p>\n<p>Georg Moser (University of Innsbruck)<\/p>\n<p>Joachim Niehren (INRIA Lille)<\/p>\n<p>Naoki Nishida (Nagoya University)<\/p>\n<p>Kristoffer H Rose (Two Sigma Investments, LLC)<\/p>\n<p>David Sabel (Goethe-University Frankfurt am Main)<\/p>\n<p>Masahiko Sakai (Nagoya University)<\/p>\n<p>Manfred Schmidt-Schau\u00df (Goethe-University Frankfurt am Main)<\/p>\n<p>Janis Voigtl\u00e4nder (University of Bonn)<\/p>\n<p>Johannes Waldmann (HTWK Leipzig)<\/p>","protected":false},"excerpt":{"rendered":"<p>Takahito Aoto (Niigata University) Yuki Chiba (JAIST) Horatiu Cirstea (LORIA, Universit\u00e9 de Lorraine, France) &#8211; chair Fer-Jan de Vries (University of Leicester) Santiago Escobar (Universitat Polit\u00e8cnica de Val\u00e8ncia) &#8211; chair Maribel Fern\u00e1ndez (King&#8217;s College London) Johan Jeuring (Open Universiteit Nederland and Universiteit Utrecht) Delia Kesner (Universit\u00e9 Paris-Diderot) Sergue\u00ef Lenglet (Universit\u00e9 de Lorraine) Elena Machkasova (University &hellip; <\/p>\n<p><a class=\"more-link btn\" href=\"https:\/\/project.inria.fr\/wpte2016\/pc-2\/\">Continue reading<\/a><\/p>\n","protected":false},"author":686,"featured_media":0,"parent":0,"menu_order":10,"comment_status":"closed","ping_status":"closed","template":"","meta":{"footnotes":""},"class_list":["post-93","page","type-page","status-publish","hentry","nodate","item-wrap"],"_links":{"self":[{"href":"https:\/\/project.inria.fr\/wpte2016\/wp-json\/wp\/v2\/pages\/93","targetHints":{"allow":["GET"]}}],"collection":[{"href":"https:\/\/project.inria.fr\/wpte2016\/wp-json\/wp\/v2\/pages"}],"about":[{"href":"https:\/\/project.inria.fr\/wpte2016\/wp-json\/wp\/v2\/types\/page"}],"author":[{"embeddable":true,"href":"https:\/\/project.inria.fr\/wpte2016\/wp-json\/wp\/v2\/users\/686"}],"replies":[{"embeddable":true,"href":"https:\/\/project.inria.fr\/wpte2016\/wp-json\/wp\/v2\/comments?post=93"}],"version-history":[{"count":7,"href":"https:\/\/project.inria.fr\/wpte2016\/wp-json\/wp\/v2\/pages\/93\/revisions"}],"predecessor-version":[{"id":126,"href":"https:\/\/project.inria.fr\/wpte2016\/wp-json\/wp\/v2\/pages\/93\/revisions\/126"}],"wp:attachment":[{"href":"https:\/\/project.inria.fr\/wpte2016\/wp-json\/wp\/v2\/media?parent=93"}],"curies":[{"name":"wp","href":"https:\/\/api.w.org\/{rel}","templated":true}]}}