


{"id":121,"date":"2023-08-21T15:18:21","date_gmt":"2023-08-21T13:18:21","guid":{"rendered":"https:\/\/project.inria.fr\/ysai\/?page_id=121"},"modified":"2024-10-29T11:37:15","modified_gmt":"2024-10-29T10:37:15","slug":"team","status":"publish","type":"page","link":"https:\/\/project.inria.fr\/ysai\/team\/","title":{"rendered":"Team"},"content":{"rendered":"<h2 class=\"wp-block-heading\">Permanents<\/h2>\n\n\n\n<h3 class=\"wp-block-heading\" style=\"text-align:left\">InterDigital, inc.<\/h3>\n\n\n\n<ul class=\"wp-block-list\"><li>Philippe Guillotel (<a href=\"https:\/\/scholar.google.com\/citations?user=CP3NFXsAAAAJ&amp;hl=en\">scholar<\/a>)<\/li><li>Quentin Avril (<a href=\"http:\/\/quentin.avril.free.fr\/\">website<\/a>)<\/li><li>Fran\u00e7ois Le Clerc (<a href=\"https:\/\/orcid.org\/0000-0003-0519-8581\">orcid<\/a>)<\/li><li>Quentin Galvane (<a href=\"https:\/\/scholar.google.fr\/citations?user=bU4vxmcAAAAJ&amp;hl=fr\">scholar<\/a>)<\/li><li>Gurvan L\u00e9cuyer<\/li><li>Philippe-Henri Gosselin (<a href=\"https:\/\/scholar.google.fr\/citations?user=uSpXQckAAAAJ&amp;hl=fr\">scholar<\/a>)<\/li><li>Fran\u00e7ois Schnitzler (<a href=\"https:\/\/sites.google.com\/site\/francoisschnitzler\">website<\/a>)<\/li><li>Jo\u00e3o Regateiro (<a href=\"https:\/\/joaoregateiro.github.io\/\">website<\/a>)<\/li><\/ul>\n\n\n\n<h3 class=\"wp-block-heading\">Inria<\/h3>\n\n\n\n<ul class=\"wp-block-list\"><li>Frank Multon  (<a href=\"http:\/\/people.rennes.inria.fr\/Franck.Multon\/\">Franck.Multon (INRIA.fr)<\/a>)<\/li><li>Ferran Argelaguet (<a href=\"https:\/\/team.inria.fr\/hybrid\/author\/fargelag\/\">Ferran Argelaguet (inria.fr)<\/a>) <\/li><li>Anatole L\u00e9cuyer (<a href=\"http:\/\/people.rennes.inria.fr\/Anatole.Lecuyer\/\">Anatole LECUYER (inria.fr)<\/a>) <\/li><li>Jean-S\u00e9bastien Franco (<a href=\"https:\/\/morpheo.inrialpes.fr\/~franco\/\">J-S Franco (inria.fr)<\/a>)<\/li><li>Stefanie Wuhrer (<a href=\"https:\/\/swuhrer.gitlabpages.inria.fr\/website\/\">Stefanie Wuhrer (inria.fr)<\/a>) <\/li><li>Adnane Boukhayma (<a href=\"https:\/\/morpheo.inrialpes.fr\/people\/boukhayma\/\">Adnane Boukhayma (inria.fr)<\/a>)<\/li><li>Ludovic Hoyet (<a href=\"https:\/\/people.rennes.inria.fr\/Ludovic.Hoyet\/\">Ludovic Hoyet (inria.fr)<\/a>) <\/li><li>Pierre Hellier (<a href=\"https:\/\/people.irisa.fr\/Pierre.Hellier\/\">Pierre Hellier (inria.fr)<\/a>)<\/li><\/ul>\n\n\n\n<h2 class=\"wp-block-heading\">Non-Permanents<\/h2>\n\n\n\n<h3 class=\"wp-block-heading\">PhDs<\/h3>\n\n\n\n<ul class=\"wp-block-list\"><li>Philippe de Clermont Gallerande (Start: 02\/2023)<\/li><li>Tom Roy (Start: 10\/2023)<\/li><li>Guillaume Loranchet (Start: 11\/2023)<\/li><li>Antoine Dumoulin (Start:11\/2023)<\/li><li>Youssef Ben-Cheikh (Start: 05\/2024)<\/li><\/ul>\n\n\n\n<h3 class=\"wp-block-heading\">Postdoc(s)<\/h3>\n\n\n\n<ul class=\"wp-block-list\"><li>Yann Glemarec (Start: 10\/2023)<\/li><\/ul>\n\n\n\n<h2 class=\"wp-block-heading\">Alumni<\/h2>\n\n\n\n<h3 class=\"wp-block-heading\">PhDs<\/h3>\n\n\n\n<ul class=\"wp-block-list\"><li> Lucas Mourot (End: 31\/05\/2023) <\/li><\/ul>\n\n\n\n<h3 class=\"wp-block-heading\">Engineer(s)<\/h3>\n\n\n\n<ul class=\"wp-block-list\"><li>  Tangui Marchand (End: 09\/2023)  <\/li><\/ul>\n\n\n\n<p><\/p>","protected":false},"excerpt":{"rendered":"<p>Permanents InterDigital, inc. Philippe Guillotel (scholar) Quentin Avril (website) Fran\u00e7ois Le Clerc (orcid) Quentin Galvane (scholar) Gurvan L\u00e9cuyer Philippe-Henri Gosselin (scholar) Fran\u00e7ois Schnitzler (website) Jo\u00e3o Regateiro (website) Inria Frank Multon (Franck.Multon (INRIA.fr)) Ferran Argelaguet (Ferran Argelaguet (inria.fr)) Anatole L\u00e9cuyer (Anatole LECUYER (inria.fr)) Jean-S\u00e9bastien Franco (J-S Franco (inria.fr)) Stefanie Wuhrer (Stefanie\u2026<\/p>\n<p> <a class=\"continue-reading-link\" href=\"https:\/\/project.inria.fr\/ysai\/team\/\"><span>Continue reading<\/span><i class=\"crycon-right-dir\"><\/i><\/a> <\/p>\n","protected":false},"author":2364,"featured_media":0,"parent":0,"menu_order":0,"comment_status":"closed","ping_status":"closed","template":"","meta":{"footnotes":""},"class_list":["post-121","page","type-page","status-publish","hentry"],"_links":{"self":[{"href":"https:\/\/project.inria.fr\/ysai\/wp-json\/wp\/v2\/pages\/121","targetHints":{"allow":["GET"]}}],"collection":[{"href":"https:\/\/project.inria.fr\/ysai\/wp-json\/wp\/v2\/pages"}],"about":[{"href":"https:\/\/project.inria.fr\/ysai\/wp-json\/wp\/v2\/types\/page"}],"author":[{"embeddable":true,"href":"https:\/\/project.inria.fr\/ysai\/wp-json\/wp\/v2\/users\/2364"}],"replies":[{"embeddable":true,"href":"https:\/\/project.inria.fr\/ysai\/wp-json\/wp\/v2\/comments?post=121"}],"version-history":[{"count":12,"href":"https:\/\/project.inria.fr\/ysai\/wp-json\/wp\/v2\/pages\/121\/revisions"}],"predecessor-version":[{"id":259,"href":"https:\/\/project.inria.fr\/ysai\/wp-json\/wp\/v2\/pages\/121\/revisions\/259"}],"wp:attachment":[{"href":"https:\/\/project.inria.fr\/ysai\/wp-json\/wp\/v2\/media?parent=121"}],"curies":[{"name":"wp","href":"https:\/\/api.w.org\/{rel}","templated":true}]}}