


{"id":129,"date":"2023-08-21T15:34:53","date_gmt":"2023-08-21T13:34:53","guid":{"rendered":"https:\/\/project.inria.fr\/ysai\/?page_id=129"},"modified":"2025-01-20T11:30:10","modified_gmt":"2025-01-20T10:30:10","slug":"publications","status":"publish","type":"page","link":"https:\/\/project.inria.fr\/ysai\/publications\/","title":{"rendered":"Publications"},"content":{"rendered":"<h2 class=\"wp-block-heading\">2024<\/h2>\n\n\n\n<div class=\"wp-block-media-text alignwide\"><figure class=\"wp-block-media-text__media\"><\/figure><div class=\"wp-block-media-text__content\">\n<p class=\"has-medium-font-size\">Body parts-based approach for motion sequence reconstruction<\/p>\n\n\n\n<p class=\"has-small-font-size\">Philippe de Clermont Gallerande, Quentin Avril, Ferran Argelaguet, Philippe-Henri Gosselin, Ludovic Hoyet <\/p>\n\n\n\n<p class=\"has-medium-font-size\">MIG 2024 (Poster track)<\/p>\n\n\n\n<p class=\"has-small-font-size\">20-23 November 2024<br><\/p>\n<\/div><\/div>\n\n\n\n<div class=\"wp-block-media-text alignwide\"><figure class=\"wp-block-media-text__media\"><img loading=\"lazy\" decoding=\"async\" width=\"268\" height=\"168\" src=\"https:\/\/project.inria.fr\/ysai\/files\/2025\/01\/Screenshot-2025-01-20-at-11-15-21-Towards-End-User-Customization-of-Haptic-Experiences-EuroHaptics_2024_CustomizationHaptics.pdf.png\" alt=\"\" class=\"wp-image-301\" srcset=\"https:\/\/project.inria.fr\/ysai\/files\/2025\/01\/Screenshot-2025-01-20-at-11-15-21-Towards-End-User-Customization-of-Haptic-Experiences-EuroHaptics_2024_CustomizationHaptics.pdf.png 268w, https:\/\/project.inria.fr\/ysai\/files\/2025\/01\/Screenshot-2025-01-20-at-11-15-21-Towards-End-User-Customization-of-Haptic-Experiences-EuroHaptics_2024_CustomizationHaptics.pdf-150x94.png 150w\" sizes=\"auto, (max-width: 268px) 100vw, 268px\" \/><\/figure><div class=\"wp-block-media-text__content\">\n<p class=\"has-medium-font-size\"><a href=\"https:\/\/inria.hal.science\/hal-04611300\/document\">Towards End-User Customization of Haptic Experiences<\/a><\/p>\n\n\n\n<p class=\"has-small-font-size\">Tom Roy, Yann Gl\u00e9marec, Gurvan L\u00e9cuyer, Quentin Galvane, Philippe Guillotel, Ferran Argelaguet<\/p>\n\n\n\n<p class=\"has-medium-font-size\">EuroHaptics 2024<\/p>\n\n\n\n<p class=\"has-small-font-size\">3 November 2024 &#8211; Springer Nature<br><\/p>\n<\/div><\/div>\n\n\n\n<h2 class=\"wp-block-heading\">2023<\/h2>\n\n\n\n<div class=\"wp-block-media-text alignwide\"><figure class=\"wp-block-media-text__media\"><img loading=\"lazy\" decoding=\"async\" width=\"842\" height=\"413\" src=\"https:\/\/project.inria.fr\/ysai\/files\/2024\/06\/Capture-decran-2024-06-10-162812.png\" alt=\"\" class=\"wp-image-241\" srcset=\"https:\/\/project.inria.fr\/ysai\/files\/2024\/06\/Capture-decran-2024-06-10-162812.png 842w, https:\/\/project.inria.fr\/ysai\/files\/2024\/06\/Capture-decran-2024-06-10-162812-300x147.png 300w, https:\/\/project.inria.fr\/ysai\/files\/2024\/06\/Capture-decran-2024-06-10-162812-768x377.png 768w, https:\/\/project.inria.fr\/ysai\/files\/2024\/06\/Capture-decran-2024-06-10-162812-150x74.png 150w\" sizes=\"auto, (max-width: 842px) 100vw, 842px\" \/><\/figure><div class=\"wp-block-media-text__content\">\n<p class=\"has-medium-font-size\"><a href=\"https:\/\/web.archive.org\/web\/20231012175745id_\/https:\/\/dl.acm.org\/doi\/pdf\/10.1145\/3611314.3615909\">MORGAN: MPEG Original Reference Geometric Avatar Neutral<\/a><\/p>\n\n\n\n<p class=\"has-small-font-size\">Quentin Avril, Jo\u00e3o Regateiro, Philippe Henri Gosselin, Francois Le Clerc, Philippe Guillotel<\/p>\n\n\n\n<p class=\"has-medium-font-size\">Web3D 2023<\/p>\n\n\n\n<p class=\"has-small-font-size\">09 October 2023 <\/p>\n<\/div><\/div>\n\n\n\n<div class=\"wp-block-media-text alignwide\"><figure class=\"wp-block-media-text__media\"><img loading=\"lazy\" decoding=\"async\" width=\"1024\" height=\"955\" src=\"https:\/\/project.inria.fr\/ysai\/files\/2024\/06\/TeaserFigure-2-1024x955.jpg\" alt=\"\" class=\"wp-image-237\" srcset=\"https:\/\/project.inria.fr\/ysai\/files\/2024\/06\/TeaserFigure-2-1024x955.jpg 1024w, https:\/\/project.inria.fr\/ysai\/files\/2024\/06\/TeaserFigure-2-300x280.jpg 300w, https:\/\/project.inria.fr\/ysai\/files\/2024\/06\/TeaserFigure-2-768x716.jpg 768w, https:\/\/project.inria.fr\/ysai\/files\/2024\/06\/TeaserFigure-2-150x140.jpg 150w, https:\/\/project.inria.fr\/ysai\/files\/2024\/06\/TeaserFigure-2.jpg 1304w\" sizes=\"auto, (max-width: 1024px) 100vw, 1024px\" \/><\/figure><div class=\"wp-block-media-text__content\">\n<p class=\"has-medium-font-size\"><a href=\"https:\/\/dl.acm.org\/doi\/abs\/10.1145\/3573381.3597226\">Sensorial Immersive Experiences using MPEG Haptic and Scene Description Standards<\/a><\/p>\n\n\n\n<p class=\"has-small-font-size\">Tom Roy, Quentin Galvane, Gurvan L\u00e9cuyer, Etienne Faivre D&#8217;Arcier, Patrice Hirtzlin, Pierrick Jouet, Philippe Guillotel, Patrick Fontaine<\/p>\n\n\n\n<p class=\"has-medium-font-size\">IMX 2023<\/p>\n\n\n\n<p class=\"has-small-font-size\">29 August 2023<\/p>\n<\/div><\/div>\n\n\n\n<div class=\"wp-block-media-text alignwide\"><figure class=\"wp-block-media-text__media\"><img loading=\"lazy\" decoding=\"async\" width=\"1024\" height=\"844\" src=\"https:\/\/project.inria.fr\/ysai\/files\/2023\/08\/humot-1024x844.png\" alt=\"\" class=\"wp-image-223\" srcset=\"https:\/\/project.inria.fr\/ysai\/files\/2023\/08\/humot-1024x844.png 1024w, https:\/\/project.inria.fr\/ysai\/files\/2023\/08\/humot-300x247.png 300w, https:\/\/project.inria.fr\/ysai\/files\/2023\/08\/humot-768x633.png 768w, https:\/\/project.inria.fr\/ysai\/files\/2023\/08\/humot-150x124.png 150w, https:\/\/project.inria.fr\/ysai\/files\/2023\/08\/humot.png 1079w\" sizes=\"auto, (max-width: 1024px) 100vw, 1024px\" \/><\/figure><div class=\"wp-block-media-text__content\">\n<p class=\"has-medium-font-size\"><a href=\"https:\/\/doi.org\/10.48550\/arXiv.2305.18897\">HuMoT: Human Motion Representation using Topology-Agnostic Transformers for Character Animation Retargeting.<\/a><\/p>\n\n\n\n<p class=\"has-small-font-size\">Lucas Mourot, Ludovic Hoyet, Fran\u00e7ois Le Clerc, Pierre Hellier<\/p>\n\n\n\n<p class=\"has-small-font-size\">May 31, 2023<\/p>\n\n\n\n<p><\/p>\n<\/div><\/div>\n\n\n\n<h2 class=\"wp-block-heading\">2022<\/h2>\n\n\n\n<div class=\"wp-block-media-text alignwide\"><figure class=\"wp-block-media-text__media\"><img loading=\"lazy\" decoding=\"async\" width=\"1024\" height=\"416\" src=\"https:\/\/project.inria.fr\/ysai\/files\/2023\/08\/teaser-1024x416.png\" alt=\"\" class=\"wp-image-222\" srcset=\"https:\/\/project.inria.fr\/ysai\/files\/2023\/08\/teaser-1024x416.png 1024w, https:\/\/project.inria.fr\/ysai\/files\/2023\/08\/teaser-300x122.png 300w, https:\/\/project.inria.fr\/ysai\/files\/2023\/08\/teaser-768x312.png 768w, https:\/\/project.inria.fr\/ysai\/files\/2023\/08\/teaser-1536x624.png 1536w, https:\/\/project.inria.fr\/ysai\/files\/2023\/08\/teaser-150x61.png 150w, https:\/\/project.inria.fr\/ysai\/files\/2023\/08\/teaser.png 2000w\" sizes=\"auto, (max-width: 1024px) 100vw, 1024px\" \/><\/figure><div class=\"wp-block-media-text__content\">\n<p class=\"has-medium-font-size\"><a href=\"https:\/\/doi.org\/10.1111\/cgf.14635\">UnderPressure: Deep Learning for Foot Contact Detection, Ground Reaction Force Prediction and Footskate Cleanup.<\/a><\/p>\n\n\n\n<p class=\"has-small-font-size\">Lucas Mourot, Ludovic Hoyet, Fran\u00e7ois Le Clerc, Pierre Hellier<\/p>\n\n\n\n<p class=\"has-medium-font-size\">SCA 2022<\/p>\n\n\n\n<p class=\"has-small-font-size\">March 20, 2023<\/p>\n<\/div><\/div>\n\n\n\n<h2 class=\"wp-block-heading\">2021<\/h2>\n\n\n\n<div class=\"wp-block-media-text alignwide\"><figure class=\"wp-block-media-text__media\"><img loading=\"lazy\" decoding=\"async\" width=\"404\" height=\"189\" src=\"https:\/\/project.inria.fr\/ysai\/files\/2023\/08\/lucasErrorCumul-1.png\" alt=\"\" class=\"wp-image-213\" srcset=\"https:\/\/project.inria.fr\/ysai\/files\/2023\/08\/lucasErrorCumul-1.png 404w, https:\/\/project.inria.fr\/ysai\/files\/2023\/08\/lucasErrorCumul-1-300x140.png 300w, https:\/\/project.inria.fr\/ysai\/files\/2023\/08\/lucasErrorCumul-1-150x70.png 150w\" sizes=\"auto, (max-width: 404px) 100vw, 404px\" \/><\/figure><div class=\"wp-block-media-text__content\">\n<p class=\"has-medium-font-size\"><a href=\"https:\/\/doi.org\/10.1111\/cgf.14426\">A Survey on Deep Learning for Skeleton-Based Human Animation.<\/a><\/p>\n\n\n\n<p style=\"text-align:left\" class=\"has-small-font-size\">Lucas Mourot, Ludovic Hoyet, Fran\u00e7ois Le Clerc, Fran\u00e7ois Schnitzler, Pierre Hellier<\/p>\n\n\n\n<p class=\"has-medium-font-size\">EuroGraphics CGF 2021<\/p>\n\n\n\n<p class=\"has-small-font-size\">November 21, 2021 <\/p>\n<\/div><\/div>\n\n\n\n<h2 class=\"wp-block-heading\">2020<\/h2>\n\n\n\n<div class=\"wp-block-media-text alignwide\"><figure class=\"wp-block-media-text__media\"><img loading=\"lazy\" decoding=\"async\" width=\"692\" height=\"690\" src=\"https:\/\/project.inria.fr\/ysai\/files\/2023\/08\/lucasJUMPS-1.png\" alt=\"\" class=\"wp-image-218\" srcset=\"https:\/\/project.inria.fr\/ysai\/files\/2023\/08\/lucasJUMPS-1.png 692w, https:\/\/project.inria.fr\/ysai\/files\/2023\/08\/lucasJUMPS-1-300x300.png 300w, https:\/\/project.inria.fr\/ysai\/files\/2023\/08\/lucasJUMPS-1-150x150.png 150w\" sizes=\"auto, (max-width: 692px) 100vw, 692px\" \/><\/figure><div class=\"wp-block-media-text__content\">\n<p class=\"has-medium-font-size\"><a href=\"https:\/\/doi.org\/10.1109\/ICPR48806.2021.9412160\">JUMPS: Joints Upsampling Method for Pose Sequences.<\/a><\/p>\n\n\n\n<p class=\"has-small-font-size\">Lucas Mourot, Fran\u00e7ois Le Clerc, C\u00e9dric Th\u00e9bault, Pierre Hellier<\/p>\n\n\n\n<p class=\"has-medium-font-size\">ICPR 2020<\/p>\n\n\n\n<p class=\"has-small-font-size\">March 31, 2021<\/p>\n<\/div><\/div>","protected":false},"excerpt":{"rendered":"<p>2024 Body parts-based approach for motion sequence reconstruction Philippe de Clermont Gallerande, Quentin Avril, Ferran Argelaguet, Philippe-Henri Gosselin, Ludovic Hoyet MIG 2024 (Poster track) 20-23 November 2024 Towards End-User Customization of Haptic Experiences Tom Roy, Yann Gl\u00e9marec, Gurvan L\u00e9cuyer, Quentin Galvane, Philippe Guillotel, Ferran Argelaguet EuroHaptics 2024 3 November 2024\u2026<\/p>\n<p> <a class=\"continue-reading-link\" href=\"https:\/\/project.inria.fr\/ysai\/publications\/\"><span>Continue reading<\/span><i class=\"crycon-right-dir\"><\/i><\/a> <\/p>\n","protected":false},"author":2364,"featured_media":0,"parent":0,"menu_order":0,"comment_status":"closed","ping_status":"closed","template":"","meta":{"footnotes":""},"class_list":["post-129","page","type-page","status-publish","hentry"],"_links":{"self":[{"href":"https:\/\/project.inria.fr\/ysai\/wp-json\/wp\/v2\/pages\/129","targetHints":{"allow":["GET"]}}],"collection":[{"href":"https:\/\/project.inria.fr\/ysai\/wp-json\/wp\/v2\/pages"}],"about":[{"href":"https:\/\/project.inria.fr\/ysai\/wp-json\/wp\/v2\/types\/page"}],"author":[{"embeddable":true,"href":"https:\/\/project.inria.fr\/ysai\/wp-json\/wp\/v2\/users\/2364"}],"replies":[{"embeddable":true,"href":"https:\/\/project.inria.fr\/ysai\/wp-json\/wp\/v2\/comments?post=129"}],"version-history":[{"count":14,"href":"https:\/\/project.inria.fr\/ysai\/wp-json\/wp\/v2\/pages\/129\/revisions"}],"predecessor-version":[{"id":304,"href":"https:\/\/project.inria.fr\/ysai\/wp-json\/wp\/v2\/pages\/129\/revisions\/304"}],"wp:attachment":[{"href":"https:\/\/project.inria.fr\/ysai\/wp-json\/wp\/v2\/media?parent=129"}],"curies":[{"name":"wp","href":"https:\/\/api.w.org\/{rel}","templated":true}]}}